{"id":23,"date":"2020-09-15T14:30:50","date_gmt":"2020-09-15T14:30:50","guid":{"rendered":"http:\/\/woodenibiza.com\/?page_id=23"},"modified":"2026-05-12T16:15:04","modified_gmt":"2026-05-12T16:15:04","slug":"sobre-nosotros","status":"publish","type":"page","link":"https:\/\/woodenibiza.com\/","title":{"rendered":"Sobre Nosotros"},"content":{"rendered":"\n<div style=\"height:10px\" aria-hidden=\"true\" class=\"wp-block-spacer\"><\/div>\n\n\n<div class=\"wp-block-image is-style-rounded\">\n<figure class=\"aligncenter size-large\"><img loading=\"lazy\" decoding=\"async\" width=\"1024\" height=\"461\" src=\"https:\/\/woodenibiza.com\/wp-content\/uploads\/2023\/05\/20230503_194225-1024x461.jpg\" alt=\"\" class=\"wp-image-1484\" srcset=\"https:\/\/woodenibiza.com\/wp-content\/uploads\/2023\/05\/20230503_194225-1024x461.jpg 1024w, https:\/\/woodenibiza.com\/wp-content\/uploads\/2023\/05\/20230503_194225-300x135.jpg 300w, https:\/\/woodenibiza.com\/wp-content\/uploads\/2023\/05\/20230503_194225-768x346.jpg 768w, https:\/\/woodenibiza.com\/wp-content\/uploads\/2023\/05\/20230503_194225-1536x691.jpg 1536w, https:\/\/woodenibiza.com\/wp-content\/uploads\/2023\/05\/20230503_194225-2048x922.jpg 2048w\" sizes=\"auto, (max-width: 1024px) 100vw, 1024px\" \/><\/figure>\n<\/div>\n\n\n<div style=\"height:21px\" aria-hidden=\"true\" class=\"wp-block-spacer\"><\/div>\n\n\n\n<p><strong>Restauramos Madera de Interior y Exterior Muebles, Tarimas, Vigas, Puertas,Escaleras, y objetos Antiguos de madera y otros materiales.<\/strong><\/p>\n\n\n\n<p><strong>Reacondicionamiento de Muebles, Mantenimientos de pintura, reproducci\u00f3n de p\u00e1tinas, barnizados, Esmaltados y  tratamientos preventivos, en  Muebles de interior y exterior, en Vigas y Tarimas,Puertas y suelos de madera.<\/strong><\/p>\n\n\n\n<p><strong>Recuperamos el Color Natural de la Madera agrisada por el sol, manchada por moho<\/strong> <strong>o invadida por hongos o Taninos<\/strong>.<\/p>\n\n\n\n<p><strong>Decapamos totalmente hasta llegar a la Madera, liber\u00e1ndola de Pinturas viejas o Lacados, usando las mejores t\u00e9cnicas y consiguiendo<\/strong> <strong>l<em>os <\/em>Mejores Acabados.<\/strong><\/p>\n\n\n\n<p><strong>Realizamos acabados en Goma Laca.<\/strong><\/p>\n\n\n\n<p><strong>Se hacen tratamientos anti-xil\u00f3fagos (carcoma<\/strong>,<strong>termita, etc) y anti-hongos en la madera infectada<\/strong> <strong>y tratamientos de prevenci\u00f3n, ofreciendo tratamientos tanto qu\u00edmicos como ecol\u00f3gicos.<\/strong><\/p>\n\n\n\n<p class=\"has-medium-font-size\"><em><strong>Realizamos instalaciones de Muebles empotrados, pulimos, te\u00f1imos<\/strong> <strong>y aceitamos<\/strong> <strong>Tarimas de Madera<\/strong> <strong>ver ejemplos en secci\u00f3n<\/strong> <strong><a href=\"https:\/\/woodenibiza.com\/inatalaciones\">Instalaciones<\/a> .<\/strong><\/em><strong> <\/strong><\/p>\n\n\n\n<p><strong>Tenemos m\u00e1s de 35 a\u00f1os de experiencia en Mantenimiento de Villas, sabiendo cubrir tanto la organizaci\u00f3n del trabajo necesario como su desarrollo, disponemos de los trabajadores Profesionales requeridos para realizar todos los trabajos de Mantenimiento<\/strong>:<\/p>\n\n\n\n<p><strong>Jardiner\u00eda, Alba\u00f1iler\u00eda,Pintura y Restauraci\u00f3n, Reparaciones y resoluci\u00f3n de problemas en estado de Emergencia.<\/strong><\/p>\n\n\n\n<p><a href=\"http:\/\/woodenibiza.com\/contacto\"><strong>Cont\u00e1ctanos para m\u00e1s informaci\u00f3n<\/strong><\/a><\/p>\n\n\n\n<div style=\"height:20px\" aria-hidden=\"true\" class=\"wp-block-spacer\"><\/div>\n\n\n\n<p><strong>Limpieza y Saneado de Mesas de exterior<\/strong> <strong>ver ejemplos en galer\u00eda<\/strong> <a href=\"https:\/\/woodenibiza.com\/restauracion-y-patinas\">Antes y Despu\u00e9s<\/a><\/p>\n\n\n\n<div class=\"wp-block-jetpack-tiled-gallery aligncenter is-style-rectangular\"><div class=\"has-rounded-corners-17\"><div class=\"tiled-gallery__gallery\"><div class=\"tiled-gallery__row\"><div class=\"tiled-gallery__col\" style=\"flex-basis:100.00000%\"><figure class=\"tiled-gallery__item\"><img decoding=\"async\" srcset=\"https:\/\/i0.wp.com\/woodenibiza.com\/wp-content\/uploads\/2023\/05\/20230503_194154-1-1024x461.jpg?strip=info&#038;w=600&#038;ssl=1 600w,https:\/\/i0.wp.com\/woodenibiza.com\/wp-content\/uploads\/2023\/05\/20230503_194154-1-1024x461.jpg?strip=info&#038;w=900&#038;ssl=1 900w,https:\/\/i0.wp.com\/woodenibiza.com\/wp-content\/uploads\/2023\/05\/20230503_194154-1-1024x461.jpg?strip=info&#038;w=1200&#038;ssl=1 1200w,https:\/\/i0.wp.com\/woodenibiza.com\/wp-content\/uploads\/2023\/05\/20230503_194154-1-1024x461.jpg?strip=info&#038;w=1500&#038;ssl=1 1500w,https:\/\/i0.wp.com\/woodenibiza.com\/wp-content\/uploads\/2023\/05\/20230503_194154-1-1024x461.jpg?strip=info&#038;w=1800&#038;ssl=1 1800w,https:\/\/i0.wp.com\/woodenibiza.com\/wp-content\/uploads\/2023\/05\/20230503_194154-1-1024x461.jpg?strip=info&#038;w=2000&#038;ssl=1 2000w\" alt=\"\" data-height=\"1152\" data-id=\"1425\" data-link=\"https:\/\/woodenibiza.com\/sobre-nosotros\/20230503_194154-1\" data-url=\"https:\/\/woodenibiza.com\/wp-content\/uploads\/2023\/05\/20230503_194154-1-1024x461.jpg\" data-width=\"2560\" src=\"https:\/\/i0.wp.com\/woodenibiza.com\/wp-content\/uploads\/2023\/05\/20230503_194154-1-1024x461.jpg?ssl=1\" data-amp-layout=\"responsive\"\/><\/figure><\/div><\/div><\/div><\/div><\/div>\n\n\n\n<p><strong>Especializaci\u00f3n en Madera Ex\u00f3tica<\/strong><\/p>\n\n\n\n<p><\/p>\n\n\n\n<div class=\"wp-block-jetpack-tiled-gallery aligncenter is-style-rectangular\"><div class=\"\"><div class=\"tiled-gallery__gallery\"><div class=\"tiled-gallery__row\"><div class=\"tiled-gallery__col\" style=\"flex-basis:100.00000%\"><figure class=\"tiled-gallery__item\"><img decoding=\"async\" srcset=\"https:\/\/i0.wp.com\/woodenibiza.com\/wp-content\/uploads\/2023\/05\/20230417_123112-1024x461.jpg?strip=info&#038;w=600&#038;ssl=1 600w,https:\/\/i0.wp.com\/woodenibiza.com\/wp-content\/uploads\/2023\/05\/20230417_123112-1024x461.jpg?strip=info&#038;w=900&#038;ssl=1 900w,https:\/\/i0.wp.com\/woodenibiza.com\/wp-content\/uploads\/2023\/05\/20230417_123112-1024x461.jpg?strip=info&#038;w=1200&#038;ssl=1 1200w,https:\/\/i0.wp.com\/woodenibiza.com\/wp-content\/uploads\/2023\/05\/20230417_123112-1024x461.jpg?strip=info&#038;w=1500&#038;ssl=1 1500w,https:\/\/i0.wp.com\/woodenibiza.com\/wp-content\/uploads\/2023\/05\/20230417_123112-1024x461.jpg?strip=info&#038;w=1800&#038;ssl=1 1800w,https:\/\/i0.wp.com\/woodenibiza.com\/wp-content\/uploads\/2023\/05\/20230417_123112-1024x461.jpg?strip=info&#038;w=2000&#038;ssl=1 2000w\" alt=\"\" data-height=\"1152\" data-id=\"1543\" data-link=\"https:\/\/woodenibiza.com\/sobre-nosotros\/20230417_123112\" data-url=\"https:\/\/woodenibiza.com\/wp-content\/uploads\/2023\/05\/20230417_123112-1024x461.jpg\" data-width=\"2560\" src=\"https:\/\/i0.wp.com\/woodenibiza.com\/wp-content\/uploads\/2023\/05\/20230417_123112-1024x461.jpg?ssl=1\" data-amp-layout=\"responsive\"\/><\/figure><\/div><\/div><div class=\"tiled-gallery__row\"><div class=\"tiled-gallery__col\"><figure class=\"tiled-gallery__item\"><img decoding=\"async\" srcset=\"https:\/\/i0.wp.com\/woodenibiza.com\/wp-content\/uploads\/2023\/05\/20230417_122941-1-1024x461.jpg?strip=info&#038;w=600&#038;ssl=1 600w,https:\/\/i0.wp.com\/woodenibiza.com\/wp-content\/uploads\/2023\/05\/20230417_122941-1-1024x461.jpg?strip=info&#038;w=900&#038;ssl=1 900w,https:\/\/i0.wp.com\/woodenibiza.com\/wp-content\/uploads\/2023\/05\/20230417_122941-1-1024x461.jpg?strip=info&#038;w=1200&#038;ssl=1 1200w,https:\/\/i0.wp.com\/woodenibiza.com\/wp-content\/uploads\/2023\/05\/20230417_122941-1-1024x461.jpg?strip=info&#038;w=1500&#038;ssl=1 1500w,https:\/\/i0.wp.com\/woodenibiza.com\/wp-content\/uploads\/2023\/05\/20230417_122941-1-1024x461.jpg?strip=info&#038;w=1800&#038;ssl=1 1800w,https:\/\/i0.wp.com\/woodenibiza.com\/wp-content\/uploads\/2023\/05\/20230417_122941-1-1024x461.jpg?strip=info&#038;w=2000&#038;ssl=1 2000w\" alt=\"\" data-height=\"1152\" data-id=\"1544\" data-link=\"https:\/\/woodenibiza.com\/sobre-nosotros\/20230417_122941-1\" data-url=\"https:\/\/woodenibiza.com\/wp-content\/uploads\/2023\/05\/20230417_122941-1-1024x461.jpg\" data-width=\"2560\" src=\"https:\/\/i0.wp.com\/woodenibiza.com\/wp-content\/uploads\/2023\/05\/20230417_122941-1-1024x461.jpg?ssl=1\" data-amp-layout=\"responsive\"\/><\/figure><\/div><\/div><\/div><\/div><\/div>\n\n\n\n<p><\/p>\n\n\n\n<p><\/p>\n\n\n\n<h1 class=\"wp-block-heading\"><\/h1>\n\n\n\n<p><strong><em>Movil y Whaspp.<\/em><\/strong> <strong>+34 644 93 64 75<\/strong><\/p>\n\n\n\n<p><em><strong>Oficina.<\/strong><\/em> +34 971 80 71 99<\/p>\n\n\n\n<p><em><strong>E-mail.<\/strong><\/em> <a href=\"mailto:restaura@woodenibiza.com\">restaura@woodenibiza.com<\/a><\/p>\n","protected":false},"excerpt":{"rendered":"<p>Restauramos Madera de Interior y Exterior Muebles, Tarimas, Vigas, Puertas,Escaleras, y objetos Antiguos de madera y otros materiales. Reacondicionamiento de Muebles, Mantenimientos de pintura, reproducci\u00f3n de p\u00e1tinas, barnizados, Esmaltados y tratamientos preventivos, en Muebles de interior y exterior, en Vigas y Tarimas,Puertas y suelos de madera. Recuperamos el Color Natural de la Madera agrisada por [&hellip;]<\/p>\n","protected":false},"author":1,"featured_media":0,"parent":0,"menu_order":0,"comment_status":"open","ping_status":"closed","template":"","meta":{"footnotes":""},"class_list":["post-23","page","type-page","status-publish","hentry"],"yoast_head":"<!-- This site is optimized with the Yoast SEO plugin v27.6 - https:\/\/yoast.com\/product\/yoast-seo-wordpress\/ -->\n<title>Sobre Nosotros - Wooden Ibiza<\/title>\n<meta name=\"description\" content=\"Restauramos profesionalmente en Ibiza desde el 2012, se trabaja a domicilio o en taller, dependiendo del tama\u00f1o de la pieza, su ubicaci\u00f3n y funci\u00f3n. Tambi\u00e9n realizamos mantenimiento de pintura en muebles de interior y jard\u00edn. Restauramos objetos de decoraci\u00f3n tanto en madera como en forja y otros materiales. Se hacen tratamientos anti-xil\u00f3fagos (carcoma,termita, etc) en la madera infectada y tratamientos de prevenci\u00f3n, tanto qu\u00edmicos como ecol\u00f3gicos.\" \/>\n<meta name=\"robots\" content=\"index, follow, max-snippet:-1, max-image-preview:large, max-video-preview:-1\" \/>\n<link rel=\"canonical\" href=\"https:\/\/woodenibiza.com\/\" \/>\n<meta property=\"og:locale\" content=\"es_ES\" \/>\n<meta property=\"og:type\" content=\"article\" \/>\n<meta property=\"og:title\" content=\"Sobre Nosotros - Wooden Ibiza\" \/>\n<meta property=\"og:description\" content=\"Restauramos profesionalmente en Ibiza desde el 2012, se trabaja a domicilio o en taller, dependiendo del tama\u00f1o de la pieza, su ubicaci\u00f3n y funci\u00f3n. Tambi\u00e9n realizamos mantenimiento de pintura en muebles de interior y jard\u00edn. Restauramos objetos de decoraci\u00f3n tanto en madera como en forja y otros materiales. Se hacen tratamientos anti-xil\u00f3fagos (carcoma,termita, etc) en la madera infectada y tratamientos de prevenci\u00f3n, tanto qu\u00edmicos como ecol\u00f3gicos.\" \/>\n<meta property=\"og:url\" content=\"https:\/\/woodenibiza.com\/\" \/>\n<meta property=\"og:site_name\" content=\"Wooden Ibiza\" \/>\n<meta property=\"article:modified_time\" content=\"2026-05-12T16:15:04+00:00\" \/>\n<meta property=\"og:image\" content=\"https:\/\/woodenibiza.com\/wp-content\/uploads\/2023\/05\/20230503_194225-1024x461.jpg\" \/>\n<meta name=\"twitter:card\" content=\"summary_large_image\" \/>\n<meta name=\"twitter:label1\" content=\"Tiempo de lectura\" \/>\n\t<meta name=\"twitter:data1\" content=\"2 minutos\" \/>\n<script type=\"application\/ld+json\" class=\"yoast-schema-graph\">{\"@context\":\"https:\\\/\\\/schema.org\",\"@graph\":[{\"@type\":\"WebPage\",\"@id\":\"https:\\\/\\\/woodenibiza.com\\\/\",\"url\":\"https:\\\/\\\/woodenibiza.com\\\/\",\"name\":\"Sobre Nosotros - Wooden Ibiza\",\"isPartOf\":{\"@id\":\"https:\\\/\\\/woodenibiza.com\\\/#website\"},\"primaryImageOfPage\":{\"@id\":\"https:\\\/\\\/woodenibiza.com\\\/#primaryimage\"},\"image\":{\"@id\":\"https:\\\/\\\/woodenibiza.com\\\/#primaryimage\"},\"thumbnailUrl\":\"https:\\\/\\\/woodenibiza.com\\\/wp-content\\\/uploads\\\/2023\\\/05\\\/20230503_194225-1024x461.jpg\",\"datePublished\":\"2020-09-15T14:30:50+00:00\",\"dateModified\":\"2026-05-12T16:15:04+00:00\",\"description\":\"Restauramos profesionalmente en Ibiza desde el 2012, se trabaja a domicilio o en taller, dependiendo del tama\u00f1o de la pieza, su ubicaci\u00f3n y funci\u00f3n. Tambi\u00e9n realizamos mantenimiento de pintura en muebles de interior y jard\u00edn. Restauramos objetos de decoraci\u00f3n tanto en madera como en forja y otros materiales. Se hacen tratamientos anti-xil\u00f3fagos (carcoma,termita, etc) en la madera infectada y tratamientos de prevenci\u00f3n, tanto qu\u00edmicos como ecol\u00f3gicos.\",\"breadcrumb\":{\"@id\":\"https:\\\/\\\/woodenibiza.com\\\/#breadcrumb\"},\"inLanguage\":\"es\",\"potentialAction\":[{\"@type\":\"ReadAction\",\"target\":[\"https:\\\/\\\/woodenibiza.com\\\/\"]}]},{\"@type\":\"ImageObject\",\"inLanguage\":\"es\",\"@id\":\"https:\\\/\\\/woodenibiza.com\\\/#primaryimage\",\"url\":\"https:\\\/\\\/woodenibiza.com\\\/wp-content\\\/uploads\\\/2023\\\/05\\\/20230503_194225-scaled.jpg\",\"contentUrl\":\"https:\\\/\\\/woodenibiza.com\\\/wp-content\\\/uploads\\\/2023\\\/05\\\/20230503_194225-scaled.jpg\",\"width\":2560,\"height\":1152},{\"@type\":\"BreadcrumbList\",\"@id\":\"https:\\\/\\\/woodenibiza.com\\\/#breadcrumb\",\"itemListElement\":[{\"@type\":\"ListItem\",\"position\":1,\"name\":\"Portada\",\"item\":\"https:\\\/\\\/woodenibiza.com\\\/\"},{\"@type\":\"ListItem\",\"position\":2,\"name\":\"Sobre Nosotros\"}]},{\"@type\":\"WebSite\",\"@id\":\"https:\\\/\\\/woodenibiza.com\\\/#website\",\"url\":\"https:\\\/\\\/woodenibiza.com\\\/\",\"name\":\"Wooden Ibiza\",\"description\":\"Restauraci\u00f3n y Mantenimiento\",\"potentialAction\":[{\"@type\":\"SearchAction\",\"target\":{\"@type\":\"EntryPoint\",\"urlTemplate\":\"https:\\\/\\\/woodenibiza.com\\\/?s={search_term_string}\"},\"query-input\":{\"@type\":\"PropertyValueSpecification\",\"valueRequired\":true,\"valueName\":\"search_term_string\"}}],\"inLanguage\":\"es\"}]}<\/script>\n<!-- \/ Yoast SEO plugin. -->","yoast_head_json":{"title":"Sobre Nosotros - Wooden Ibiza","description":"Restauramos profesionalmente en Ibiza desde el 2012, se trabaja a domicilio o en taller, dependiendo del tama\u00f1o de la pieza, su ubicaci\u00f3n y funci\u00f3n. Tambi\u00e9n realizamos mantenimiento de pintura en muebles de interior y jard\u00edn. Restauramos objetos de decoraci\u00f3n tanto en madera como en forja y otros materiales. Se hacen tratamientos anti-xil\u00f3fagos (carcoma,termita, etc) en la madera infectada y tratamientos de prevenci\u00f3n, tanto qu\u00edmicos como ecol\u00f3gicos.","robots":{"index":"index","follow":"follow","max-snippet":"max-snippet:-1","max-image-preview":"max-image-preview:large","max-video-preview":"max-video-preview:-1"},"canonical":"https:\/\/woodenibiza.com\/","og_locale":"es_ES","og_type":"article","og_title":"Sobre Nosotros - Wooden Ibiza","og_description":"Restauramos profesionalmente en Ibiza desde el 2012, se trabaja a domicilio o en taller, dependiendo del tama\u00f1o de la pieza, su ubicaci\u00f3n y funci\u00f3n. Tambi\u00e9n realizamos mantenimiento de pintura en muebles de interior y jard\u00edn. Restauramos objetos de decoraci\u00f3n tanto en madera como en forja y otros materiales. Se hacen tratamientos anti-xil\u00f3fagos (carcoma,termita, etc) en la madera infectada y tratamientos de prevenci\u00f3n, tanto qu\u00edmicos como ecol\u00f3gicos.","og_url":"https:\/\/woodenibiza.com\/","og_site_name":"Wooden Ibiza","article_modified_time":"2026-05-12T16:15:04+00:00","og_image":[{"url":"https:\/\/woodenibiza.com\/wp-content\/uploads\/2023\/05\/20230503_194225-1024x461.jpg","type":"","width":"","height":""}],"twitter_card":"summary_large_image","twitter_misc":{"Tiempo de lectura":"2 minutos"},"schema":{"@context":"https:\/\/schema.org","@graph":[{"@type":"WebPage","@id":"https:\/\/woodenibiza.com\/","url":"https:\/\/woodenibiza.com\/","name":"Sobre Nosotros - Wooden Ibiza","isPartOf":{"@id":"https:\/\/woodenibiza.com\/#website"},"primaryImageOfPage":{"@id":"https:\/\/woodenibiza.com\/#primaryimage"},"image":{"@id":"https:\/\/woodenibiza.com\/#primaryimage"},"thumbnailUrl":"https:\/\/woodenibiza.com\/wp-content\/uploads\/2023\/05\/20230503_194225-1024x461.jpg","datePublished":"2020-09-15T14:30:50+00:00","dateModified":"2026-05-12T16:15:04+00:00","description":"Restauramos profesionalmente en Ibiza desde el 2012, se trabaja a domicilio o en taller, dependiendo del tama\u00f1o de la pieza, su ubicaci\u00f3n y funci\u00f3n. Tambi\u00e9n realizamos mantenimiento de pintura en muebles de interior y jard\u00edn. Restauramos objetos de decoraci\u00f3n tanto en madera como en forja y otros materiales. Se hacen tratamientos anti-xil\u00f3fagos (carcoma,termita, etc) en la madera infectada y tratamientos de prevenci\u00f3n, tanto qu\u00edmicos como ecol\u00f3gicos.","breadcrumb":{"@id":"https:\/\/woodenibiza.com\/#breadcrumb"},"inLanguage":"es","potentialAction":[{"@type":"ReadAction","target":["https:\/\/woodenibiza.com\/"]}]},{"@type":"ImageObject","inLanguage":"es","@id":"https:\/\/woodenibiza.com\/#primaryimage","url":"https:\/\/woodenibiza.com\/wp-content\/uploads\/2023\/05\/20230503_194225-scaled.jpg","contentUrl":"https:\/\/woodenibiza.com\/wp-content\/uploads\/2023\/05\/20230503_194225-scaled.jpg","width":2560,"height":1152},{"@type":"BreadcrumbList","@id":"https:\/\/woodenibiza.com\/#breadcrumb","itemListElement":[{"@type":"ListItem","position":1,"name":"Portada","item":"https:\/\/woodenibiza.com\/"},{"@type":"ListItem","position":2,"name":"Sobre Nosotros"}]},{"@type":"WebSite","@id":"https:\/\/woodenibiza.com\/#website","url":"https:\/\/woodenibiza.com\/","name":"Wooden Ibiza","description":"Restauraci\u00f3n y Mantenimiento","potentialAction":[{"@type":"SearchAction","target":{"@type":"EntryPoint","urlTemplate":"https:\/\/woodenibiza.com\/?s={search_term_string}"},"query-input":{"@type":"PropertyValueSpecification","valueRequired":true,"valueName":"search_term_string"}}],"inLanguage":"es"}]}},"jetpack_sharing_enabled":true,"_links":{"self":[{"href":"https:\/\/woodenibiza.com\/index.php?rest_route=\/wp\/v2\/pages\/23","targetHints":{"allow":["GET"]}}],"collection":[{"href":"https:\/\/woodenibiza.com\/index.php?rest_route=\/wp\/v2\/pages"}],"about":[{"href":"https:\/\/woodenibiza.com\/index.php?rest_route=\/wp\/v2\/types\/page"}],"author":[{"embeddable":true,"href":"https:\/\/woodenibiza.com\/index.php?rest_route=\/wp\/v2\/users\/1"}],"replies":[{"embeddable":true,"href":"https:\/\/woodenibiza.com\/index.php?rest_route=%2Fwp%2Fv2%2Fcomments&post=23"}],"version-history":[{"count":205,"href":"https:\/\/woodenibiza.com\/index.php?rest_route=\/wp\/v2\/pages\/23\/revisions"}],"predecessor-version":[{"id":1875,"href":"https:\/\/woodenibiza.com\/index.php?rest_route=\/wp\/v2\/pages\/23\/revisions\/1875"}],"wp:attachment":[{"href":"https:\/\/woodenibiza.com\/index.php?rest_route=%2Fwp%2Fv2%2Fmedia&parent=23"}],"curies":[{"name":"wp","href":"https:\/\/api.w.org\/{rel}","templated":true}]}}