{"id":24,"date":"2020-09-15T14:30:50","date_gmt":"2020-09-15T14:30:50","guid":{"rendered":"http:\/\/woodenibiza.com\/?page_id=24"},"modified":"2026-05-12T16:13:43","modified_gmt":"2026-05-12T16:13:43","slug":"contacto","status":"publish","type":"page","link":"https:\/\/woodenibiza.com\/?page_id=24","title":{"rendered":"Contacto"},"content":{"rendered":"\n<p style=\"font-size:21px\"><strong><em>Movil y Whatsapp.<\/em><\/strong> <strong>+34 644 93 64 75<\/strong><\/p>\n\n\n\n<p style=\"font-size:24px\"><em><strong>Oficina.<\/strong><\/em> <span class=\"tadv-color\" style=\"color:#000000\">+34 971 80 71 99<\/span><\/p>\n\n\n\n<p style=\"font-size:24px\"><em><strong>E-mail.<\/strong><\/em> <a href=\"mailto:restaura@woodenibiza.com\">restaura@woodenibiza.com<\/a><\/p>\n\n\n\n<p><\/p>\n","protected":false},"excerpt":{"rendered":"<p>Movil y Whatsapp. +34 644 93 64 75 Oficina. +34 971 80 71 99 E-mail. restaura@woodenibiza.com<\/p>\n","protected":false},"author":1,"featured_media":0,"parent":0,"menu_order":0,"comment_status":"closed","ping_status":"closed","template":"","meta":{"footnotes":""},"class_list":["post-24","page","type-page","status-publish","hentry"],"yoast_head":"<!-- This site is optimized with the Yoast SEO plugin v27.6 - https:\/\/yoast.com\/product\/yoast-seo-wordpress\/ -->\n<title>Contacto - Wooden Ibiza<\/title>\n<meta name=\"description\" content=\"Restauramos profesionalmente en Ibiza desde el 2012, se trabaja a domicilio o en taller, dependiendo del tama\u00f1o de la pieza, su ubicaci\u00f3n y funci\u00f3n. Tambi\u00e9n realizamos mantenimiento de pintura en muebles de interior y jard\u00edn. Restauramos objetos de decoraci\u00f3n tanto en madera como en forja y otros materiales. Se hacen tratamientos anti-xil\u00f3fagos (carcoma,termita, etc) en la madera infectada y tratamientos de prevenci\u00f3n, tanto qu\u00edmicos como ecol\u00f3gicos.\" \/>\n<meta name=\"robots\" content=\"index, follow, max-snippet:-1, max-image-preview:large, max-video-preview:-1\" \/>\n<link rel=\"canonical\" href=\"https:\/\/woodenibiza.com\/?page_id=24\" \/>\n<meta property=\"og:locale\" content=\"es_ES\" \/>\n<meta property=\"og:type\" content=\"article\" \/>\n<meta property=\"og:title\" content=\"Contacto - Wooden Ibiza\" \/>\n<meta property=\"og:description\" content=\"Restauramos profesionalmente en Ibiza desde el 2012, se trabaja a domicilio o en taller, dependiendo del tama\u00f1o de la pieza, su ubicaci\u00f3n y funci\u00f3n. Tambi\u00e9n realizamos mantenimiento de pintura en muebles de interior y jard\u00edn. Restauramos objetos de decoraci\u00f3n tanto en madera como en forja y otros materiales. Se hacen tratamientos anti-xil\u00f3fagos (carcoma,termita, etc) en la madera infectada y tratamientos de prevenci\u00f3n, tanto qu\u00edmicos como ecol\u00f3gicos.\" \/>\n<meta property=\"og:url\" content=\"https:\/\/woodenibiza.com\/?page_id=24\" \/>\n<meta property=\"og:site_name\" content=\"Wooden Ibiza\" \/>\n<meta property=\"article:modified_time\" content=\"2026-05-12T16:13:43+00:00\" \/>\n<meta name=\"twitter:card\" content=\"summary_large_image\" \/>\n<meta name=\"twitter:label1\" content=\"Tiempo de lectura\" \/>\n\t<meta name=\"twitter:data1\" content=\"1 minuto\" \/>\n<script type=\"application\/ld+json\" class=\"yoast-schema-graph\">{\"@context\":\"https:\\\/\\\/schema.org\",\"@graph\":[{\"@type\":\"WebPage\",\"@id\":\"https:\\\/\\\/woodenibiza.com\\\/?page_id=24\",\"url\":\"https:\\\/\\\/woodenibiza.com\\\/?page_id=24\",\"name\":\"Contacto - Wooden Ibiza\",\"isPartOf\":{\"@id\":\"https:\\\/\\\/woodenibiza.com\\\/#website\"},\"datePublished\":\"2020-09-15T14:30:50+00:00\",\"dateModified\":\"2026-05-12T16:13:43+00:00\",\"description\":\"Restauramos profesionalmente en Ibiza desde el 2012, se trabaja a domicilio o en taller, dependiendo del tama\u00f1o de la pieza, su ubicaci\u00f3n y funci\u00f3n. Tambi\u00e9n realizamos mantenimiento de pintura en muebles de interior y jard\u00edn. Restauramos objetos de decoraci\u00f3n tanto en madera como en forja y otros materiales. Se hacen tratamientos anti-xil\u00f3fagos (carcoma,termita, etc) en la madera infectada y tratamientos de prevenci\u00f3n, tanto qu\u00edmicos como ecol\u00f3gicos.\",\"breadcrumb\":{\"@id\":\"https:\\\/\\\/woodenibiza.com\\\/?page_id=24#breadcrumb\"},\"inLanguage\":\"es\",\"potentialAction\":[{\"@type\":\"ReadAction\",\"target\":[\"https:\\\/\\\/woodenibiza.com\\\/?page_id=24\"]}]},{\"@type\":\"BreadcrumbList\",\"@id\":\"https:\\\/\\\/woodenibiza.com\\\/?page_id=24#breadcrumb\",\"itemListElement\":[{\"@type\":\"ListItem\",\"position\":1,\"name\":\"Portada\",\"item\":\"https:\\\/\\\/woodenibiza.com\\\/\"},{\"@type\":\"ListItem\",\"position\":2,\"name\":\"Contacto\"}]},{\"@type\":\"WebSite\",\"@id\":\"https:\\\/\\\/woodenibiza.com\\\/#website\",\"url\":\"https:\\\/\\\/woodenibiza.com\\\/\",\"name\":\"Wooden Ibiza\",\"description\":\"Restauraci\u00f3n y Mantenimiento\",\"potentialAction\":[{\"@type\":\"SearchAction\",\"target\":{\"@type\":\"EntryPoint\",\"urlTemplate\":\"https:\\\/\\\/woodenibiza.com\\\/?s={search_term_string}\"},\"query-input\":{\"@type\":\"PropertyValueSpecification\",\"valueRequired\":true,\"valueName\":\"search_term_string\"}}],\"inLanguage\":\"es\"}]}<\/script>\n<!-- \/ Yoast SEO plugin. -->","yoast_head_json":{"title":"Contacto - Wooden Ibiza","description":"Restauramos profesionalmente en Ibiza desde el 2012, se trabaja a domicilio o en taller, dependiendo del tama\u00f1o de la pieza, su ubicaci\u00f3n y funci\u00f3n. Tambi\u00e9n realizamos mantenimiento de pintura en muebles de interior y jard\u00edn. Restauramos objetos de decoraci\u00f3n tanto en madera como en forja y otros materiales. Se hacen tratamientos anti-xil\u00f3fagos (carcoma,termita, etc) en la madera infectada y tratamientos de prevenci\u00f3n, tanto qu\u00edmicos como ecol\u00f3gicos.","robots":{"index":"index","follow":"follow","max-snippet":"max-snippet:-1","max-image-preview":"max-image-preview:large","max-video-preview":"max-video-preview:-1"},"canonical":"https:\/\/woodenibiza.com\/?page_id=24","og_locale":"es_ES","og_type":"article","og_title":"Contacto - Wooden Ibiza","og_description":"Restauramos profesionalmente en Ibiza desde el 2012, se trabaja a domicilio o en taller, dependiendo del tama\u00f1o de la pieza, su ubicaci\u00f3n y funci\u00f3n. Tambi\u00e9n realizamos mantenimiento de pintura en muebles de interior y jard\u00edn. Restauramos objetos de decoraci\u00f3n tanto en madera como en forja y otros materiales. Se hacen tratamientos anti-xil\u00f3fagos (carcoma,termita, etc) en la madera infectada y tratamientos de prevenci\u00f3n, tanto qu\u00edmicos como ecol\u00f3gicos.","og_url":"https:\/\/woodenibiza.com\/?page_id=24","og_site_name":"Wooden Ibiza","article_modified_time":"2026-05-12T16:13:43+00:00","twitter_card":"summary_large_image","twitter_misc":{"Tiempo de lectura":"1 minuto"},"schema":{"@context":"https:\/\/schema.org","@graph":[{"@type":"WebPage","@id":"https:\/\/woodenibiza.com\/?page_id=24","url":"https:\/\/woodenibiza.com\/?page_id=24","name":"Contacto - Wooden Ibiza","isPartOf":{"@id":"https:\/\/woodenibiza.com\/#website"},"datePublished":"2020-09-15T14:30:50+00:00","dateModified":"2026-05-12T16:13:43+00:00","description":"Restauramos profesionalmente en Ibiza desde el 2012, se trabaja a domicilio o en taller, dependiendo del tama\u00f1o de la pieza, su ubicaci\u00f3n y funci\u00f3n. Tambi\u00e9n realizamos mantenimiento de pintura en muebles de interior y jard\u00edn. Restauramos objetos de decoraci\u00f3n tanto en madera como en forja y otros materiales. Se hacen tratamientos anti-xil\u00f3fagos (carcoma,termita, etc) en la madera infectada y tratamientos de prevenci\u00f3n, tanto qu\u00edmicos como ecol\u00f3gicos.","breadcrumb":{"@id":"https:\/\/woodenibiza.com\/?page_id=24#breadcrumb"},"inLanguage":"es","potentialAction":[{"@type":"ReadAction","target":["https:\/\/woodenibiza.com\/?page_id=24"]}]},{"@type":"BreadcrumbList","@id":"https:\/\/woodenibiza.com\/?page_id=24#breadcrumb","itemListElement":[{"@type":"ListItem","position":1,"name":"Portada","item":"https:\/\/woodenibiza.com\/"},{"@type":"ListItem","position":2,"name":"Contacto"}]},{"@type":"WebSite","@id":"https:\/\/woodenibiza.com\/#website","url":"https:\/\/woodenibiza.com\/","name":"Wooden Ibiza","description":"Restauraci\u00f3n y Mantenimiento","potentialAction":[{"@type":"SearchAction","target":{"@type":"EntryPoint","urlTemplate":"https:\/\/woodenibiza.com\/?s={search_term_string}"},"query-input":{"@type":"PropertyValueSpecification","valueRequired":true,"valueName":"search_term_string"}}],"inLanguage":"es"}]}},"jetpack_sharing_enabled":true,"_links":{"self":[{"href":"https:\/\/woodenibiza.com\/index.php?rest_route=\/wp\/v2\/pages\/24","targetHints":{"allow":["GET"]}}],"collection":[{"href":"https:\/\/woodenibiza.com\/index.php?rest_route=\/wp\/v2\/pages"}],"about":[{"href":"https:\/\/woodenibiza.com\/index.php?rest_route=\/wp\/v2\/types\/page"}],"author":[{"embeddable":true,"href":"https:\/\/woodenibiza.com\/index.php?rest_route=\/wp\/v2\/users\/1"}],"replies":[{"embeddable":true,"href":"https:\/\/woodenibiza.com\/index.php?rest_route=%2Fwp%2Fv2%2Fcomments&post=24"}],"version-history":[{"count":15,"href":"https:\/\/woodenibiza.com\/index.php?rest_route=\/wp\/v2\/pages\/24\/revisions"}],"predecessor-version":[{"id":1814,"href":"https:\/\/woodenibiza.com\/index.php?rest_route=\/wp\/v2\/pages\/24\/revisions\/1814"}],"wp:attachment":[{"href":"https:\/\/woodenibiza.com\/index.php?rest_route=%2Fwp%2Fv2%2Fmedia&parent=24"}],"curies":[{"name":"wp","href":"https:\/\/api.w.org\/{rel}","templated":true}]}}